{"id":2771,"date":"2021-07-27T10:33:46","date_gmt":"2021-07-27T08:33:46","guid":{"rendered":"http:\/\/londeportee.com\/?page_id=2771"},"modified":"2021-10-15T13:36:45","modified_gmt":"2021-10-15T11:36:45","slug":"mentions-legales","status":"publish","type":"page","link":"https:\/\/londeportee.com\/index.php\/mentions-legales\/","title":{"rendered":"Mentions L\u00e9gales"},"content":{"rendered":"<p><b>MENTIONS L\u00c9GALE<\/b><\/p>\n<ol>\n<li><b> Pr\u00e9sentation du site L&rsquo;onde Port\u00e9e<\/b><\/li>\n<\/ol>\n<p><span style=\"font-weight: 400;\">Ce site <\/span>L&rsquo;onde Port\u00e9e\u00a0<span style=\"font-weight: 400;\">est \u00e9dit\u00e9 par :<\/span><\/p>\n<p>S\u00e9bastien Mosnier<\/p>\n<p>87 route du Dauphin\u00e9<\/p>\n<p>38630 Veyrins Thuellin<\/p>\n<p>&nbsp;<\/p>\n<p><span style=\"font-weight: 400;\">L&rsquo;onde Port\u00e9e dont le si\u00e8ge social est situ\u00e9 <\/span><span style=\"font-weight: 400;\">au 87 route du Dauphin\u00e9 38630 Veyrins Thuellin\u00a0 <\/span><span style=\"font-weight: 400;\">immatricul\u00e9e au Registre du Commerce et des Soci\u00e9t\u00e9s de\u00a0<\/span><span style=\"font-weight: 400;\">Vienne <\/span><span style=\"font-weight: 400;\">sous le num\u00e9ro 49520412500027<\/span><\/p>\n<ol>\n<li><b> H\u00e9bergeur du site<\/b><\/li>\n<\/ol>\n<p><a href=\"https:\/\/www.famille-epanouie.fr\/\"><span style=\"font-weight: 400;\">L&rsquo;onde Port\u00e9e<\/span><\/a>\u00a0<span style=\"font-weight: 400;\">est h\u00e9berg\u00e9e par OVH 2 rue Kellermann 59100 Roubaix, France.<\/span><\/p>\n<p><b>III. Propri\u00e9t\u00e9 intellectuelle<\/b><\/p>\n<p><span style=\"font-weight: 400;\">Tous les \u00e9l\u00e9ments accessibles sur le site L&rsquo;onde Port\u00e9e<\/span><span style=\"font-weight: 400;\">, tels que les textes, images, photographies, vid\u00e9os, sons, livres \u00e9lectroniques, guides, ateliers, programmes, charte graphique, logo, ic\u00f4nes, bases de donn\u00e9es, logiciels, sont prot\u00e9g\u00e9s par les dispositions des articles L.335-2 et suivants du Code de la propri\u00e9t\u00e9 intellectuelle et appartiennent \u00e0 leur auteur respectif.<\/span><\/p>\n<p><span style=\"font-weight: 400;\">L\u2019utilisateur s\u2019interdit de porter atteinte aux droits de propri\u00e9t\u00e9 intellectuelle aff\u00e9rents \u00e0 ces \u00e9l\u00e9ments et notamment de les reproduire, repr\u00e9senter, modifier, adapter, traduire, d\u2019en extraire et\/ou r\u00e9utiliser une partie qualitativement ou quantitativement substantielle, \u00e0 l\u2019exclusion des actes n\u00e9cessaires \u00e0 leur usage normal et conforme.<\/span><\/p>\n<ol>\n<li><b> Gestion des donn\u00e9es personnelles et politique de cookies<\/b><\/li>\n<\/ol>\n<p><span style=\"font-weight: 400;\">En France, les donn\u00e9es personnelles sont notamment prot\u00e9g\u00e9es par :\u00a0<\/span><\/p>\n<ul>\n<li style=\"font-weight: 400;\" aria-level=\"1\"><span style=\"font-weight: 400;\">La loi n\u00b0 78-87 du 6 janvier 1978, modifi\u00e9e par la loi n\u00b0 2004-801 du 6 ao\u00fbt 2004 relative \u00e0 l\u2019informatique, aux fichiers et aux libert\u00e9s.\u00a0<\/span><\/li>\n<li style=\"font-weight: 400;\" aria-level=\"1\"><span style=\"font-weight: 400;\">L\u2019article L. 226-13 du Code p\u00e9nal et la Directive Europ\u00e9enne du 24 octobre 1995. Loi n\u00b0 2004-575 du 21 juin 2004 pour la confiance dans l\u2019\u00e9conomie num\u00e9rique.\u00a0<\/span><\/li>\n<li style=\"font-weight: 400;\" aria-level=\"1\"><span style=\"font-weight: 400;\">Le r\u00e8glement (UE) 2016\/679 du Parlement europ\u00e9en et du Conseil du 27 avril 2016 dit \u00ab RGPD \u00bb.\u00a0<\/span><\/li>\n<\/ul>\n<p><span style=\"font-weight: 400;\">Il est possible \u00e0 tout moment d\u2019avoir acc\u00e8s aux informations vous concernant et de les faire rectifier ou d\u00e9truire. \u00c0 cet \u00e9gard, pour conna\u00eetre l\u2019utilisation de vos donn\u00e9es personnelles, leur dur\u00e9e de conservation et vos droits sur celles-ci, nous vous invitons \u00e0 lire attentivement notre Politique de confidentialit\u00e9 et de protection des donn\u00e9es.<\/span><\/p>\n<p><span style=\"font-weight: 400;\">Existence d\u2019une liste d\u2019opposition au d\u00e9marchage t\u00e9l\u00e9phonique : si votre num\u00e9ro de t\u00e9l\u00e9phone est recueilli \u00e0 l\u2019occasion de la cr\u00e9ation de votre compte ou de la passation de votre commande, nous vous informons que vos coordonn\u00e9es t\u00e9l\u00e9phoniques ne seront utilis\u00e9es que pour la bonne ex\u00e9cution de vos commandes ou pour vous contacter afin de vous proposer de nouveaux services.<\/span><\/p>\n<p><span style=\"font-weight: 400;\">Sans pr\u00e9judice de ce qui pr\u00e9c\u00e8de, conform\u00e9ment aux dispositions l\u00e9gales, vous \u00eates inform\u00e9s que vous pouvez, si vous le souhaitez, vous inscrire sur la liste d\u2019opposition au d\u00e9marchage t\u00e9l\u00e9phonique. Vous pouvez vous inscrire gratuitement sur cette liste qui s\u2019impose \u00e0 tous les professionnels \u00e0 l\u2019exception de ceux avec lesquels vous avez d\u00e9j\u00e0 conclu un contrat <\/span><a href=\"http:\/\/www.bloctel.gouv.fr\"><span style=\"font-weight: 400;\">(www.bloctel.gouv.fr)<\/span><\/a><span style=\"font-weight: 400;\">.<\/span><\/p>\n<p><span style=\"font-weight: 400;\">Pour exercer vos droits, vous pouvez formuler une demande en nous contactant par email sur <\/span><span style=\"font-weight: 400;\">londeportee@outlook.com<\/span><\/p>\n<p><span style=\"font-weight: 400;\">Cependant, en raison de l\u2019obligation de s\u00e9curit\u00e9 et de confidentialit\u00e9 dans le traitement des donn\u00e9es \u00e0 caract\u00e8re personnel qui incombe \u00e0 <\/span><span style=\"font-weight: 400;\">Nom de votre soci\u00e9t\u00e9<\/span><span style=\"font-weight: 400;\">, votre demande sera trait\u00e9e sous r\u00e9serve que vous puissiez apporter la preuve de votre identit\u00e9, notamment par une copie (num\u00e9rique ou papier) d\u2019un titre d\u2019identit\u00e9 valide.<\/span><\/p>\n<p><span style=\"font-weight: 400;\">L&rsquo;onde Port\u00e9e vous informe qu\u2019elle se r\u00e9serve le droit, le cas \u00e9ch\u00e9ant, de refuser les demandes manifestement abusives (soit de par leur nombre, soit de par leur caract\u00e8re r\u00e9p\u00e9titif et\/ou syst\u00e9matique).<\/span><\/p>\n<p><span style=\"font-weight: 400;\">Pour vous aider dans vos d\u00e9marches, vous trouverez un mod\u00e8le de courrier \u00e9labor\u00e9 par la Commission Nationale de l\u2019Informatique et des Libert\u00e9s (la \u00ab CNIL \u00bb) en cliquant sur le lien suivant :<\/span><\/p>\n<p><a href=\"https:\/\/www.cnil.fr\/fr\/modele\/courrier\/exercer-son-droit-dacces\"><span style=\"font-weight: 400;\">https:\/\/www.cnil.fr\/fr\/modele\/courrier\/exercer-son-droit-dacces<\/span><\/a><\/p>\n","protected":false},"excerpt":{"rendered":"<p>MENTIONS L\u00c9GALE Pr\u00e9sentation du site L&rsquo;onde Port\u00e9e Ce site L&rsquo;onde Port\u00e9e\u00a0est \u00e9dit\u00e9 par : S\u00e9bastien Mosnier 87 route du Dauphin\u00e9 38630 Veyrins Thuellin &nbsp; L&rsquo;onde Port\u00e9e dont le si\u00e8ge social est situ\u00e9 au 87 route du Dauphin\u00e9 38630 Veyrins Thuellin\u00a0 immatricul\u00e9e au Registre du Commerce et des Soci\u00e9t\u00e9s de\u00a0Vienne sous le num\u00e9ro 49520412500027 H\u00e9bergeur du site L&rsquo;onde Port\u00e9e\u00a0est h\u00e9berg\u00e9e par OVH 2 rue Kellermann 59100 Roubaix, France. III. Propri\u00e9t\u00e9 intellectuelle Tous les \u00e9l\u00e9ments accessibles sur le site L&rsquo;onde Port\u00e9e, tels  [&#8230;]<\/p>\n","protected":false},"author":1,"featured_media":0,"parent":0,"menu_order":0,"comment_status":"closed","ping_status":"closed","template":"","meta":{"_monsterinsights_skip_tracking":false,"_monsterinsights_sitenote_active":false,"_monsterinsights_sitenote_note":"","_monsterinsights_sitenote_category":0,"footnotes":""},"class_list":["post-2771","page","type-page","status-publish","hentry"],"yoast_head":"<!-- This site is optimized with the Yoast SEO plugin v24.7 - https:\/\/yoast.com\/wordpress\/plugins\/seo\/ -->\n<title>Mentions L\u00e9gales - L&#039;Onde Port\u00e9e Agence de communication<\/title>\n<meta name=\"description\" content=\"mentions-l\u00e9gales du site L&#039;onde port\u00e9e agence de communication globale en Is\u00e8re. Analyse et devis gratuits\" \/>\n<meta name=\"robots\" content=\"noindex, follow\" \/>\n<meta property=\"og:locale\" content=\"fr_FR\" \/>\n<meta property=\"og:type\" content=\"article\" \/>\n<meta property=\"og:title\" content=\"Mentions L\u00e9gales - L&#039;Onde Port\u00e9e Agence de communication\" \/>\n<meta property=\"og:description\" content=\"mentions-l\u00e9gales du site L&#039;onde port\u00e9e agence de communication globale en Is\u00e8re. Analyse et devis gratuits\" \/>\n<meta property=\"og:url\" content=\"https:\/\/londeportee.com\/index.php\/mentions-legales\/\" \/>\n<meta property=\"og:site_name\" content=\"L&#039;Onde Port\u00e9e\" \/>\n<meta property=\"article:publisher\" content=\"https:\/\/www.facebook.com\/agencelondeportee\" \/>\n<meta property=\"article:modified_time\" content=\"2021-10-15T11:36:45+00:00\" \/>\n<meta property=\"og:image\" content=\"https:\/\/londeportee.com\/wp-content\/uploads\/2021\/03\/smartmockups_kmuxl008.jpg\" \/>\n\t<meta property=\"og:image:width\" content=\"1920\" \/>\n\t<meta property=\"og:image:height\" content=\"1401\" \/>\n\t<meta property=\"og:image:type\" content=\"image\/jpeg\" \/>\n<meta name=\"twitter:card\" content=\"summary_large_image\" \/>\n<meta name=\"twitter:label1\" content=\"Dur\u00e9e de lecture estim\u00e9e\" \/>\n\t<meta name=\"twitter:data1\" content=\"3 minutes\" \/>\n<script type=\"application\/ld+json\" class=\"yoast-schema-graph\">{\"@context\":\"https:\/\/schema.org\",\"@graph\":[{\"@type\":\"WebPage\",\"@id\":\"https:\/\/londeportee.com\/index.php\/mentions-legales\/\",\"url\":\"https:\/\/londeportee.com\/index.php\/mentions-legales\/\",\"name\":\"Mentions L\u00e9gales - L&#039;Onde Port\u00e9e Agence de communication\",\"isPartOf\":{\"@id\":\"https:\/\/londeportee.com\/#website\"},\"datePublished\":\"2021-07-27T08:33:46+00:00\",\"dateModified\":\"2021-10-15T11:36:45+00:00\",\"description\":\"mentions-l\u00e9gales du site L'onde port\u00e9e agence de communication globale en Is\u00e8re. Analyse et devis gratuits\",\"breadcrumb\":{\"@id\":\"https:\/\/londeportee.com\/index.php\/mentions-legales\/#breadcrumb\"},\"inLanguage\":\"fr-FR\",\"potentialAction\":[{\"@type\":\"ReadAction\",\"target\":[\"https:\/\/londeportee.com\/index.php\/mentions-legales\/\"]}]},{\"@type\":\"BreadcrumbList\",\"@id\":\"https:\/\/londeportee.com\/index.php\/mentions-legales\/#breadcrumb\",\"itemListElement\":[{\"@type\":\"ListItem\",\"position\":1,\"name\":\"Accueil\",\"item\":\"https:\/\/londeportee.com\/\"},{\"@type\":\"ListItem\",\"position\":2,\"name\":\"Mentions L\u00e9gales\"}]},{\"@type\":\"WebSite\",\"@id\":\"https:\/\/londeportee.com\/#website\",\"url\":\"https:\/\/londeportee.com\/\",\"name\":\"L&#039;Onde Port\u00e9e\",\"description\":\"Agence de communication\",\"publisher\":{\"@id\":\"https:\/\/londeportee.com\/#organization\"},\"potentialAction\":[{\"@type\":\"SearchAction\",\"target\":{\"@type\":\"EntryPoint\",\"urlTemplate\":\"https:\/\/londeportee.com\/?s={search_term_string}\"},\"query-input\":{\"@type\":\"PropertyValueSpecification\",\"valueRequired\":true,\"valueName\":\"search_term_string\"}}],\"inLanguage\":\"fr-FR\"},{\"@type\":\"Organization\",\"@id\":\"https:\/\/londeportee.com\/#organization\",\"name\":\"L'Onde Port\u00e9e\",\"url\":\"https:\/\/londeportee.com\/\",\"logo\":{\"@type\":\"ImageObject\",\"inLanguage\":\"fr-FR\",\"@id\":\"https:\/\/londeportee.com\/#\/schema\/logo\/image\/\",\"url\":\"https:\/\/londeportee.com\/wp-content\/uploads\/2021\/03\/bulle-120x120-1.png\",\"contentUrl\":\"https:\/\/londeportee.com\/wp-content\/uploads\/2021\/03\/bulle-120x120-1.png\",\"width\":120,\"height\":120,\"caption\":\"L'Onde Port\u00e9e\"},\"image\":{\"@id\":\"https:\/\/londeportee.com\/#\/schema\/logo\/image\/\"},\"sameAs\":[\"https:\/\/www.facebook.com\/agencelondeportee\",\"https:\/\/www.instagram.com\/londe_portee\"]}]}<\/script>\n<!-- \/ Yoast SEO plugin. -->","yoast_head_json":{"title":"Mentions L\u00e9gales - L&#039;Onde Port\u00e9e Agence de communication","description":"mentions-l\u00e9gales du site L'onde port\u00e9e agence de communication globale en Is\u00e8re. Analyse et devis gratuits","robots":{"index":"noindex","follow":"follow"},"og_locale":"fr_FR","og_type":"article","og_title":"Mentions L\u00e9gales - L&#039;Onde Port\u00e9e Agence de communication","og_description":"mentions-l\u00e9gales du site L'onde port\u00e9e agence de communication globale en Is\u00e8re. Analyse et devis gratuits","og_url":"https:\/\/londeportee.com\/index.php\/mentions-legales\/","og_site_name":"L&#039;Onde Port\u00e9e","article_publisher":"https:\/\/www.facebook.com\/agencelondeportee","article_modified_time":"2021-10-15T11:36:45+00:00","og_image":[{"width":1920,"height":1401,"url":"https:\/\/londeportee.com\/wp-content\/uploads\/2021\/03\/smartmockups_kmuxl008.jpg","type":"image\/jpeg"}],"twitter_card":"summary_large_image","twitter_misc":{"Dur\u00e9e de lecture estim\u00e9e":"3 minutes"},"schema":{"@context":"https:\/\/schema.org","@graph":[{"@type":"WebPage","@id":"https:\/\/londeportee.com\/index.php\/mentions-legales\/","url":"https:\/\/londeportee.com\/index.php\/mentions-legales\/","name":"Mentions L\u00e9gales - L&#039;Onde Port\u00e9e Agence de communication","isPartOf":{"@id":"https:\/\/londeportee.com\/#website"},"datePublished":"2021-07-27T08:33:46+00:00","dateModified":"2021-10-15T11:36:45+00:00","description":"mentions-l\u00e9gales du site L'onde port\u00e9e agence de communication globale en Is\u00e8re. Analyse et devis gratuits","breadcrumb":{"@id":"https:\/\/londeportee.com\/index.php\/mentions-legales\/#breadcrumb"},"inLanguage":"fr-FR","potentialAction":[{"@type":"ReadAction","target":["https:\/\/londeportee.com\/index.php\/mentions-legales\/"]}]},{"@type":"BreadcrumbList","@id":"https:\/\/londeportee.com\/index.php\/mentions-legales\/#breadcrumb","itemListElement":[{"@type":"ListItem","position":1,"name":"Accueil","item":"https:\/\/londeportee.com\/"},{"@type":"ListItem","position":2,"name":"Mentions L\u00e9gales"}]},{"@type":"WebSite","@id":"https:\/\/londeportee.com\/#website","url":"https:\/\/londeportee.com\/","name":"L&#039;Onde Port\u00e9e","description":"Agence de communication","publisher":{"@id":"https:\/\/londeportee.com\/#organization"},"potentialAction":[{"@type":"SearchAction","target":{"@type":"EntryPoint","urlTemplate":"https:\/\/londeportee.com\/?s={search_term_string}"},"query-input":{"@type":"PropertyValueSpecification","valueRequired":true,"valueName":"search_term_string"}}],"inLanguage":"fr-FR"},{"@type":"Organization","@id":"https:\/\/londeportee.com\/#organization","name":"L'Onde Port\u00e9e","url":"https:\/\/londeportee.com\/","logo":{"@type":"ImageObject","inLanguage":"fr-FR","@id":"https:\/\/londeportee.com\/#\/schema\/logo\/image\/","url":"https:\/\/londeportee.com\/wp-content\/uploads\/2021\/03\/bulle-120x120-1.png","contentUrl":"https:\/\/londeportee.com\/wp-content\/uploads\/2021\/03\/bulle-120x120-1.png","width":120,"height":120,"caption":"L'Onde Port\u00e9e"},"image":{"@id":"https:\/\/londeportee.com\/#\/schema\/logo\/image\/"},"sameAs":["https:\/\/www.facebook.com\/agencelondeportee","https:\/\/www.instagram.com\/londe_portee"]}]}},"_links":{"self":[{"href":"https:\/\/londeportee.com\/index.php\/wp-json\/wp\/v2\/pages\/2771","targetHints":{"allow":["GET"]}}],"collection":[{"href":"https:\/\/londeportee.com\/index.php\/wp-json\/wp\/v2\/pages"}],"about":[{"href":"https:\/\/londeportee.com\/index.php\/wp-json\/wp\/v2\/types\/page"}],"author":[{"embeddable":true,"href":"https:\/\/londeportee.com\/index.php\/wp-json\/wp\/v2\/users\/1"}],"replies":[{"embeddable":true,"href":"https:\/\/londeportee.com\/index.php\/wp-json\/wp\/v2\/comments?post=2771"}],"version-history":[{"count":6,"href":"https:\/\/londeportee.com\/index.php\/wp-json\/wp\/v2\/pages\/2771\/revisions"}],"predecessor-version":[{"id":2783,"href":"https:\/\/londeportee.com\/index.php\/wp-json\/wp\/v2\/pages\/2771\/revisions\/2783"}],"wp:attachment":[{"href":"https:\/\/londeportee.com\/index.php\/wp-json\/wp\/v2\/media?parent=2771"}],"curies":[{"name":"wp","href":"https:\/\/api.w.org\/{rel}","templated":true}]}}